{"id":3263,"date":"2014-10-31T06:01:44","date_gmt":"2014-10-31T06:01:44","guid":{"rendered":"http:\/\/sgarquitecto.com\/?page_id=3263"},"modified":"2021-12-08T15:15:39","modified_gmt":"2021-12-08T21:15:39","slug":"resena-historica","status":"publish","type":"page","link":"https:\/\/sgarquitecto.com\/?page_id=3263","title":{"rendered":"Rese\u00f1a Hist\u00f3rica"},"content":{"rendered":"<p><img loading=\"lazy\" decoding=\"async\" class=\"aligncenter  wp-image-3327\" src=\"http:\/\/sgarquitecto.com\/wp-content\/uploads\/2014\/10\/rese\u00f1a1.jpg\" alt=\"rese\u00f1a\" width=\"391\" height=\"100\" srcset=\"https:\/\/sgarquitecto.com\/wp-content\/uploads\/2014\/10\/rese\u00f1a1.jpg 493w, https:\/\/sgarquitecto.com\/wp-content\/uploads\/2014\/10\/rese\u00f1a1-300x76.jpg 300w\" sizes=\"auto, (max-width: 391px) 100vw, 391px\" \/><\/p>\n<p style=\"text-align: justify;\"><span style=\"color: #808080;\">Desde su infancia acompa\u00f1aba a su padre tambi\u00e9n un gran artista Salvador G\u00f3mez \u00abSAGO\u201d, a las caminatas en las cuales buscaban temas que sirvieran a sus obras, para ello padre e hijo andaban siempre con papel y l\u00e1piz en mano, siendo esta compa\u00f1\u00eda con su padre, la gran base de su formaci\u00f3n como artista.<\/span><\/p>\n<p style=\"text-align: justify;\"><span style=\"color: #808080;\">Durante un certamen de arte infantil y despu\u00e9s de apreciar el don del joven artista, el Director y Fundador del Conservatorio Castella Sr. Arnoldo Herrera Gonz\u00e1lez le concede una beca para continuar sus estudios en esta Instituci\u00f3n.<\/span><\/p>\n<p style=\"text-align: justify;\"><span style=\"color: #808080;\">En su etapa estudiantil escuela y colegio logra ganar solo primeros lugares en cuanto concurso particip\u00f3.<\/span><\/p>\n<p style=\"text-align: justify;\"><span style=\"color: #808080;\">Salvador G\u00f3mez logra gracias a su arte cumplir el sue\u00f1o de convertirse en arquitecto, una perfecta combinaci\u00f3n que solo logra maximizar su talento \u201cArte y Arquitectura\u201d.<\/span><\/p>\n<p style=\"text-align: justify;\"><span style=\"color: #808080;\">Por su alto nivel en la producci\u00f3n pl\u00e1stica se convierte en miembro activo de la prestigiosa Asociaci\u00f3n Costarricense de Acuarelistas \u00abACA\u00bb.<\/span><\/p>\n<p style=\"text-align: justify;\"><span style=\"color: #808080;\">Sus obras se encuentran constantemente en busca de la excelencia.<\/span><\/p>\n<p style=\"text-align: justify;\">\n<div class=\"clear\"><\/div>\n<div class=\"gdl-divider\">\n<div class=\"scroll-top\">&nbsp;&nbsp;<\/div>\n<\/div>\n<h2 style=\"text-align: left;\">Exposiciones y logros<\/h2>\n<div class=\"shortcode1-2 \">\n<h3>Individuales<\/h3>\n<ul class='gdl-accordion'>\n<li class=\"active\">\n<h2 class='accordion-title'>2015-Enero<\/h2>\n<div class='accordion-content'>Exposici\u00f3n individual \u201cAgua, Pintura, Papel\u201d, en la&nbsp;Galer\u00eda Siegfried Schosinsky del Banco de Costa Rica, Agencias Centrales, San Jos\u00e9, Costa Rica<\/div>\n<\/li>\n<li >\n<h2 class='accordion-title'>2014-Febrero<\/h2>\n<div class='accordion-content'>Exposici\u00f3n individual \u201cAqu\u00ed y All\u00e1\u201d, en la Escuela Municipal de Artes Integradas \u201cEMAI\u201d de Santa Ana, San Jos\u00e9<\/div>\n<\/li>\n<li >\n<h2 class='accordion-title'>2013-Agosto<\/h2>\n<div class='accordion-content'>Ingresa como miembro activo en la Asociaci\u00f3n Costarricense de Acuarelistas \u00abACA\u00bb.<\/div>\n<\/li>\n<li >\n<h2 class='accordion-title'>1994-Octubre<\/h2>\n<div class='accordion-content'>Su obra \u201c40 EL KILO\u201d es seleccionada como una de las 10 mejores obras del \u201cV Homenaje a la Acuarela Costarricense\u201d, realizado en el Museo de los Ni\u00f1os.<\/div>\n<\/li>\n<li >\n<h2 class='accordion-title'>1994-Setiembre<\/h2>\n<div class='accordion-content'>Participa como miembro del jurado para el concurso \u201cHeredia ayer y Hoy\u201d, en la IV Semana Deportiva Cultural Activo 20-30. (Por el Club Activo 20-30)<\/div>\n<\/li>\n<li >\n<h2 class='accordion-title'>1994-Semana Santa<\/h2>\n<div class='accordion-content'>Exposici\u00f3n en el Hotel y Club de Playa Punta Leona.<\/div>\n<\/li>\n<li >\n<h2 class='accordion-title'>1993-Noviembre<\/h2>\n<div class='accordion-content'> Exposici\u00f3n privada para el Grupo V\u00e1zquez y Asociados, en el restaurante Ambar del Hotel San Jos\u00e9 Palacio.<\/div>\n<\/li>\n<li >\n<h2 class='accordion-title'>1993-Octubre<\/h2>\n<div class='accordion-content'>Obtiene Menci\u00f3n de Honor en el \u201cIV Homenaje a la Acuarela Costarricense\u201d con la obra \u201cViejo Desnudo\u201d, realizando en el Club Uni\u00f3n de San Jos\u00e9 por Pfizer.<\/div>\n<\/li>\n<li >\n<h2 class='accordion-title'>1993-Junio<\/h2>\n<div class='accordion-content'>Exposici\u00f3n en el vest\u00edbulo principal del Hotel San Jos\u00e9 Palacio.<\/div>\n<\/li>\n<li >\n<h2 class='accordion-title'>1992-Setiembre<\/h2>\n<div class='accordion-content'>Exposici\u00f3n en la Agencia Central del Banco Nacional de Costa Rica.<\/div>\n<\/li>\n<li >\n<h2 class='accordion-title'>1992<\/h2>\n<div class='accordion-content'>Imparte lecciones de arte para ni\u00f1os y adultos en la Galer\u00eda Da\u2019Vinci en Heredia.<\/div>\n<\/li>\n<li >\n<h2 class='accordion-title'>1991-Noviembre<\/h2>\n<div class='accordion-content'>Participa como miembro del jurado para el \u201cConcurso de Dibujo y Cuento\u201d. (Por la Cooperativa Dos Pinos)<\/div>\n<\/li>\n<li >\n<h2 class='accordion-title'>1991-Agosto<\/h2>\n<div class='accordion-content'>Dona una obra para la \u201cGran Subasta del 6\u201d en Barva de Heredia. Es adquirida por el Presidente de la Rep\u00fablica (Por el Canal 6 de la televisi\u00f3n costarricense)<\/div>\n<\/li>\n<li >\n<h2 class='accordion-title'>1988-Setiembre<\/h2>\n<div class='accordion-content'>Gana el \u201cFestival Intercolegial de Pintura y Dibujo\u201d. (Por el Direcci\u00f3n Regional de Ense\u00f1anza de Heredia)<\/div>\n<\/li>\n<li >\n<h2 class='accordion-title'>1987-Setiembre<\/h2>\n<div class='accordion-content'>Gana el \u201cI Festival de Arte Joven Herediano\u201d. (Por el Liceo Manuel Benavides Rodr\u00edguez)<\/div>\n<\/li>\n<li >\n<h2 class='accordion-title'>1987-Setiembre<\/h2>\n<div class='accordion-content'>gana el \u201cConcurso de Pintura Expresi\u00f3n Libre\u201d. (Por la Direcci\u00f3n Regional de Ense\u00f1anza de Heredia)<\/div>\n<\/li>\n<li >\n<h2 class='accordion-title'>1986-Abril<\/h2>\n<div class='accordion-content'>Participa en el \u201cII Concurso de J\u00f3venes Pintores y Dibujantes\u201d. (Por el Ministerio de Cultura Juventud y Deportes)<\/div>\n<\/li>\n<li >\n<h2 class='accordion-title'>1984-Junio<\/h2>\n<div class='accordion-content'>Gana el \u201cI Concurso Paisaje Barve\u00f1o\u201d. (Por el Colegio Rodrigo Hern\u00e1ndez Vargas)<\/div>\n<\/li>\n<li >\n<h2 class='accordion-title'>1978<\/h2>\n<div class='accordion-content'>Gana concurso infantil y una beca para estudiar en el Conservatorio de Castella. (Por el parque de la expresi\u00f3n \u201cParque Espa\u00f1a\u201d y el Sr. Arnoldo Herrera)<\/div>\n<\/li>\n<\/ul>\n<\/div>\n<div class=\"shortcode1-2 \">\n<h3>Colectivas<\/h3>\n<ul class='gdl-accordion'>\n<li class=\"active\">\n<h2 class='accordion-title'>2020 &#8211; diciembre<\/h2>\n<div class='accordion-content'>\u201cCostacuarela 2019, Parte II\u201d con la Asociaci\u00f3n Costarricense de Acuarelistas, en el Aeropuerto Internacional Daniel Oduber Liberia, Guanacaste, Costa Rica<\/div>\n<\/li>\n<p><span style=\"display: inline !important; float: none; background-color: #ffffff; color: #191e23; cursor: text; font-family: 'Noto Serif'; font-size: 16px; font-style: normal; font-variant: normal; font-weight: 400; letter-spacing: normal; orphans: 2; text-align: left; text-decoration: none; text-indent: 0px; text-transform: none; -webkit-text-stroke-width: 0px; white-space: normal; word-spacing: 0px;\"><\/p>\n<li >\n<h2 class='accordion-title'>2019 &#8211; noviembre<\/h2>\n<div class='accordion-content'>\u201cCostacuarela 2019\u201d con la Asociaci\u00f3n Costarricense de Acuarelistas, en el Museo de Liberia, Guanacaste, Costa Rica <\/div>\n<\/li>\n<p><\/span><\/p>\n<p><span style=\"display: inline !important; float: none; background-color: #ffffff; color: #191e23; cursor: text; font-family: 'Noto Serif'; font-size: 16px; font-style: normal; font-variant: normal; font-weight: 400; letter-spacing: normal; orphans: 2; text-align: left; text-decoration: none; text-indent: 0px; text-transform: none; -webkit-text-stroke-width: 0px; white-space: normal; word-spacing: 0px;\"><\/p>\n<li >\n<h2 class='accordion-title'>2017 &#8211; Septiembre<\/h2>\n<div class='accordion-content'>\u201cCostacuarela 2017 15 Aniversario\u201d con la Asociaci\u00f3n Costarricense de Acuarelistas, en el Museo Municipal de Cartago, Cartago, Costa Rica<\/div>\n<\/li>\n<p><\/span><\/p>\n<p><span style=\"display: inline !important; float: none; background-color: #ffffff; color: #191e23; cursor: text; font-family: 'Noto Serif'; font-size: 16px; font-style: normal; font-variant: normal; font-weight: 400; letter-spacing: normal; orphans: 2; text-align: left; text-decoration: none; text-indent: 0px; text-transform: none; -webkit-text-stroke-width: 0px; white-space: normal; word-spacing: 0px;\"><\/p>\n<li >\n<h2 class='accordion-title'>2016 &#8211; Octubre<\/h2>\n<div class='accordion-content'>\u201cACA-JAPON\u201d con la Asociaci\u00f3n Costarricense de Acuarelistas, en el Kyoto City International Gallery, Kyoto, Jap\u00f3n<\/div>\n<\/li>\n<p><\/span><\/p>\n<li >\n<h2 class='accordion-title'>2016 &#8211; Octubre<\/h2>\n<div class='accordion-content'>\u201cACA-JAPON\u201d con la Asociaci\u00f3n Costarricense de Acuarelistas, en el Kytakyushu Municipal Museum of Art, Kyushu, Jap\u00f3n<\/div>\n<\/li>\n<li >\n<h2 class='accordion-title'>2015 &#8211; Junio<\/h2>\n<div class='accordion-content'>\u201cAbriendo Horizontes II\u201d con la Asociaci\u00f3n Costarricense de Acuarelistas, en el Edificio de la Antigua Botica Solera, San Jos\u00e9<\/div>\n<\/li>\n<li >\n<h2 class='accordion-title'>2014 &#8211; Diciembre<\/h2>\n<div class='accordion-content'>\u201cCostacuarela 2014\u201d con la Asociaci\u00f3n Costarricense de Acuarelistas, en la Galer\u00eda Nacional, Centro Costarricense de la Ciencia y la Cultura del Museo de los Ni\u00f1os, San Jos\u00e9.<\/div>\n<\/li>\n<li >\n<h2 class='accordion-title'>2014 &#8211; Noviembre<\/h2>\n<div class='accordion-content'>\u201cAbriendo Horizontes\u201d con la Asociaci\u00f3n Costarricense de Acuarelistas, en la Galer\u00eda Rafael \u00c1ngel \u201cFelo\u201d Garcia Picado, Edificio INTUS del &nbsp;R\u00e9gimen de Mutualidad del Colegio Federado de Ingenieros y Arquitectos \u201cCFIA\u201d, San Jos\u00e9.<\/div>\n<\/li>\n<li >\n<h2 class='accordion-title'>2014-Julio<\/h2>\n<div class='accordion-content'>\u201cAbriendo Horizontes\u201d con la Asociaci\u00f3n Costarricense de Acuarelistas, en la Facultad de Letras de la UCR, San Jos\u00e9.<\/div>\n<\/li>\n<li >\n<h2 class='accordion-title'>2014-Mayo<\/h2>\n<div class='accordion-content'>\u201cAbriendo Horizontes\u201d con la Asociaci\u00f3n Costarricense de Acuarelistas, en el Edificio de la Antigua Botica Solera, San Jos\u00e9<\/div>\n<\/li>\n<li >\n<h2 class='accordion-title'>2013-Noviembre<\/h2>\n<div class='accordion-content'>\u201cCostacuarela 2013 Agua y Sol\u201d con la Asociaci\u00f3n Costarricense de Acuarelistas. (En la Escuela Municipal de Artes Integradas, Santa Ana)<\/div>\n<\/li>\n<li >\n<h2 class='accordion-title'>2013-Octubre<\/h2>\n<div class='accordion-content'>Exposici\u00f3n en la semana de \u201cArquitectos Artistas\u201d. (Por el Colegio Federado De Ingenieros y Arquitectos).<\/div>\n<\/li>\n<li >\n<h2 class='accordion-title'>2012-Octubre<\/h2>\n<div class='accordion-content'>Exposici\u00f3n en la semana de \u00abArquitectos Artistas\u00bb. (Por el Colegio Federado de Ingenieros y Arquitectos)<\/div>\n<\/li>\n<li >\n<h2 class='accordion-title'>2009-Octubre<\/h2>\n<div class='accordion-content'>Exposici\u00f3n en la semana de \u201cArquitectos Artistas\u201d. (Por el Colegio Federado de Ingenieros y Arquitectos)<\/div>\n<\/li>\n<li >\n<h2 class='accordion-title'>1996-Mayo<\/h2>\n<div class='accordion-content'>Exposici\u00f3n en la \u201cSemana de la Arquitectura Nacional por Arquitectos Costarricenses\u201d, realizado en el Museo de Arte y Dise\u00f1o Contempor\u00e1neo CENAC. (Por el Colegio Federado de Ingenieros y Arquitectos)<\/div>\n<\/li>\n<\/ul>\n<\/div>\n","protected":false},"excerpt":{"rendered":"<p>Desde su infancia acompa\u00f1aba a su padre tambi\u00e9n un gran artista Salvador G\u00f3mez \u00abSAGO\u201d, a las caminatas en las cuales buscaban temas que sirvieran a sus obras, para ello padre e hijo andaban siempre con papel y l\u00e1piz en mano, siendo esta compa\u00f1\u00eda con su padre, la gran base de su formaci\u00f3n como artista. Durante un certamen de arte infantil y despu\u00e9s de apreciar el don del joven artista, el Director y Fundador del Conservatorio Castella Sr. Arnoldo Herrera Gonz\u00e1lez le concede una beca para continuar sus estudios en esta Instituci\u00f3n. En su etapa estudiantil escuela y colegio logra ganar solo primeros lugares en cuanto concurso particip\u00f3. Salvador G\u00f3mez logra gracias a su arte cumplir el sue\u00f1o de convertirse en arquitecto, una perfecta combinaci\u00f3n que solo logra maximizar su talento \u201cArte y Arquitectura\u201d. Por su alto nivel en la producci\u00f3n pl\u00e1stica se convierte en miembro activo de la prestigiosa Asociaci\u00f3n Costarricense de Acuarelistas \u00abACA\u00bb. Sus obras se encuentran constantemente en busca de la excelencia. Exposiciones y logros<\/p>\n","protected":false},"author":1,"featured_media":0,"parent":0,"menu_order":0,"comment_status":"closed","ping_status":"open","template":"","meta":{"footnotes":""},"class_list":["post-3263","page","type-page","status-publish","hentry"],"_links":{"self":[{"href":"https:\/\/sgarquitecto.com\/index.php?rest_route=\/wp\/v2\/pages\/3263","targetHints":{"allow":["GET"]}}],"collection":[{"href":"https:\/\/sgarquitecto.com\/index.php?rest_route=\/wp\/v2\/pages"}],"about":[{"href":"https:\/\/sgarquitecto.com\/index.php?rest_route=\/wp\/v2\/types\/page"}],"author":[{"embeddable":true,"href":"https:\/\/sgarquitecto.com\/index.php?rest_route=\/wp\/v2\/users\/1"}],"replies":[{"embeddable":true,"href":"https:\/\/sgarquitecto.com\/index.php?rest_route=%2Fwp%2Fv2%2Fcomments&post=3263"}],"version-history":[{"count":54,"href":"https:\/\/sgarquitecto.com\/index.php?rest_route=\/wp\/v2\/pages\/3263\/revisions"}],"predecessor-version":[{"id":4368,"href":"https:\/\/sgarquitecto.com\/index.php?rest_route=\/wp\/v2\/pages\/3263\/revisions\/4368"}],"wp:attachment":[{"href":"https:\/\/sgarquitecto.com\/index.php?rest_route=%2Fwp%2Fv2%2Fmedia&parent=3263"}],"curies":[{"name":"wp","href":"https:\/\/api.w.org\/{rel}","templated":true}]}}