{"id":3290,"date":"2014-10-31T06:11:39","date_gmt":"2014-10-31T06:11:39","guid":{"rendered":"http:\/\/sgarquitecto.com\/?page_id=3290"},"modified":"2026-01-09T23:29:56","modified_gmt":"2026-01-10T05:29:56","slug":"arq-salvador-gomez-2","status":"publish","type":"page","link":"https:\/\/sgarquitecto.com\/?page_id=3290","title":{"rendered":"Arq. Salvador G\u00f3mez"},"content":{"rendered":"<p><a href=\"http:\/\/sgarquitecto.com\/wp-content\/uploads\/2015\/04\/salvador-gomez2.jpg\"><img loading=\"lazy\" decoding=\"async\" class=\"alignnone wp-image-3885 size-medium\" src=\"http:\/\/sgarquitecto.com\/wp-content\/uploads\/2015\/04\/salvador-gomez2-300x180.jpg\" alt=\"\" width=\"300\" height=\"180\" srcset=\"https:\/\/sgarquitecto.com\/wp-content\/uploads\/2015\/04\/salvador-gomez2-300x180.jpg 300w, https:\/\/sgarquitecto.com\/wp-content\/uploads\/2015\/04\/salvador-gomez2.jpg 416w\" sizes=\"auto, (max-width: 300px) 100vw, 300px\" \/><\/a><\/p>\n<div class=\"clear\"><\/div>\n<div class=\"gdl-divider\">\n<div class=\"scroll-top\"> <\/div>\n<\/div>\n<p><span style=\"color: #000000;\">Arquitecto graduado en el Stvdivm Generale Costarricense de la Universidad Aut\u00f3noma de Centroam\u00e9rica U.A.C.A.<\/span><\/p>\n<p style=\"text-align: justify;\"><span style=\"color: #000000;\">Miembro Activo del Colegio Federado de Ingenieros y Arquitectos de Costa Rica C.F.I.A. desde 1999.<\/span><\/p>\n<p style=\"text-align: justify;\"><span style=\"color: #000000;\">Arquitecto con mas de veinticinco a\u00f1os de experiencia en proyectos Residenciales, Comerciales, Corporativos, Interiorismo y en R\u00e9gimen de Condominio.<\/span><\/p>\n<p style=\"text-align: justify;\"><span style=\"color: #000000;\">El arquitecto G\u00f3mez se rodea de un equipo altamente calificado y con vasta experiencia en las diferentes ingenier\u00edas necesarias para el desarrollo eficiente de los proyectos.<\/span><\/p>\n<p style=\"text-align: justify;\"><span style=\"color: #000000;\">Dise\u00f1os funcionales y est\u00e9ticamente hermosos son caracter\u00edsticas indiscutibles en las obras arquitect\u00f3nicas del Arq. Salvador G\u00f3mez, presidente y fundador de SG arquitecto S.A.<\/span><\/p>\n","protected":false},"excerpt":{"rendered":"<p>Arquitecto graduado en el Stvdivm Generale Costarricense de la Universidad Aut\u00f3noma de Centroam\u00e9rica U.A.C.A. Miembro Activo del Colegio Federado de Ingenieros y Arquitectos de Costa Rica C.F.I.A. desde 1999. Arquitecto con mas de veinticinco a\u00f1os de experiencia en proyectos Residenciales, Comerciales, Corporativos, Interiorismo y en R\u00e9gimen de Condominio. El arquitecto G\u00f3mez se rodea de un equipo altamente calificado y con vasta experiencia en las diferentes ingenier\u00edas necesarias para el desarrollo eficiente de los proyectos. Dise\u00f1os funcionales y est\u00e9ticamente hermosos son caracter\u00edsticas indiscutibles en las obras arquitect\u00f3nicas del Arq. Salvador G\u00f3mez, presidente y fundador de SG arquitecto S.A.<\/p>\n","protected":false},"author":1,"featured_media":0,"parent":0,"menu_order":0,"comment_status":"closed","ping_status":"open","template":"","meta":{"footnotes":""},"class_list":["post-3290","page","type-page","status-publish","hentry"],"_links":{"self":[{"href":"https:\/\/sgarquitecto.com\/index.php?rest_route=\/wp\/v2\/pages\/3290","targetHints":{"allow":["GET"]}}],"collection":[{"href":"https:\/\/sgarquitecto.com\/index.php?rest_route=\/wp\/v2\/pages"}],"about":[{"href":"https:\/\/sgarquitecto.com\/index.php?rest_route=\/wp\/v2\/types\/page"}],"author":[{"embeddable":true,"href":"https:\/\/sgarquitecto.com\/index.php?rest_route=\/wp\/v2\/users\/1"}],"replies":[{"embeddable":true,"href":"https:\/\/sgarquitecto.com\/index.php?rest_route=%2Fwp%2Fv2%2Fcomments&post=3290"}],"version-history":[{"count":20,"href":"https:\/\/sgarquitecto.com\/index.php?rest_route=\/wp\/v2\/pages\/3290\/revisions"}],"predecessor-version":[{"id":4457,"href":"https:\/\/sgarquitecto.com\/index.php?rest_route=\/wp\/v2\/pages\/3290\/revisions\/4457"}],"wp:attachment":[{"href":"https:\/\/sgarquitecto.com\/index.php?rest_route=%2Fwp%2Fv2%2Fmedia&parent=3290"}],"curies":[{"name":"wp","href":"https:\/\/api.w.org\/{rel}","templated":true}]}}